{"id":9884,"date":"2023-04-05T17:09:17","date_gmt":"2023-04-05T15:09:17","guid":{"rendered":"https:\/\/bits.ba\/?page_id=9884"},"modified":"2024-03-22T11:07:34","modified_gmt":"2024-03-22T10:07:34","slug":"it-support","status":"publish","type":"page","link":"http:\/\/bits.ba\/en\/it-support\/","title":{"rendered":"IT support"},"content":{"rendered":"<div data-elementor-type=\"wp-page\" data-elementor-id=\"9884\" class=\"elementor elementor-9884\">\n\t\t\t\t\t\t\t        <section class=\"elementor-section elementor-top-section elementor-element elementor-element-5859b06 elementor-section-boxed elementor-section-height-default elementor-section-height-default ct-header-fixed-none ct-column-none ct-row-scroll-none ct-row-gradient--none\" data-id=\"5859b06\" data-element_type=\"section\">\n            \n                        <div class=\"elementor-container elementor-column-gap-default\">\n                    <div class=\"elementor-column elementor-col-33 elementor-top-column elementor-element elementor-element-a09b563 ct-column-none col-offset-none col-color-offset-none\" data-id=\"a09b563\" data-element_type=\"column\">\n            <div class=\"elementor-widget-wrap elementor-element-populated\">\n                        \t\t<div class=\"elementor-element elementor-element-9074000 elementor-widget elementor-widget-ct_link\" data-id=\"9074000\" data-element_type=\"widget\" data-widget_type=\"ct_link.default\">\n\t\t\t\t<div class=\"elementor-widget-container\">\n\t\t\t    <div class=\"ct-link1 style2\">\r\n        <ul class=\"ct-link-items\">\r\n                                <li>\r\n                        <a href=\"http:\/\/bits.ba\/en\/it-support\/\">\r\n                            <i aria-hidden=\"true\" class=\"flaticon flaticon-avatar\"><\/i>                            IT support                        <\/a>\r\n                    <\/li>\r\n                                <li>\r\n                        <a href=\"http:\/\/bits.ba\/en\/racunarska-oprema\/\">\r\n                            <i aria-hidden=\"true\" class=\"fas fa-laptop\"><\/i>                            Sale of computer equipment                        <\/a>\r\n                    <\/li>\r\n                                <li>\r\n                        <a href=\"http:\/\/bits.ba\/en\/sigurnost-podataka\/\">\r\n                            <i aria-hidden=\"true\" class=\"flaticon flaticon-cyber-security\"><\/i>                            Data security                        <\/a>\r\n                    <\/li>\r\n                                <li>\r\n                        <a href=\"http:\/\/bits.ba\/en\/office365-podrska\/\">\r\n                            <i aria-hidden=\"true\" class=\"flaticon flaticon-cloud-computing\"><\/i>                            Cloud solutions and Microsoft 365                        <\/a>\r\n                    <\/li>\r\n                                <li>\r\n                        <a href=\"http:\/\/bits.ba\/en\/racunarske-mreze\/\">\r\n                            <i aria-hidden=\"true\" class=\"fas fa-network-wired\"><\/i>                            Computer networks                        <\/a>\r\n                    <\/li>\r\n                                <li>\r\n                        <a href=\"http:\/\/bits.ba\/en\/it-konsalting\/\">\r\n                            <i aria-hidden=\"true\" class=\"flaticon flaticon-technical-support\"><\/i>                            IT consulting                        <\/a>\r\n                    <\/li>\r\n                    <\/ul>\r\n    <\/div>\r\n\t\t<\/div>\n\t\t\t\t<\/div>\n\t\t            <\/div>\n        <\/div>\n                <div class=\"elementor-column elementor-col-66 elementor-top-column elementor-element elementor-element-172dd20 ct-column-none col-offset-none col-color-offset-none\" data-id=\"172dd20\" data-element_type=\"column\">\n            <div class=\"elementor-widget-wrap elementor-element-populated\">\n                        \t\t<div class=\"elementor-element elementor-element-8c5907c elementor-widget elementor-widget-ct_heading\" data-id=\"8c5907c\" data-element_type=\"widget\" data-widget_type=\"ct_heading.default\">\n\t\t\t\t<div class=\"elementor-widget-container\">\n\t\t\t<div id=\"ct_heading-8c5907c\" class=\"ct-heading h-align-center item-st-line-gr highlight-style1\">\r\n  <div class=\"ct-heading--inner\"> \r\n    <div class=\"ct-inline-css\"  data-css=\"                                    #ct_heading-8c5907c.ct-heading .st-line-gr .ct-text-inner::before {                background-image: -webkit-gradient(linear, left top, left bottom, from(#61CE70), to(#61CE70));                background-image: -webkit-linear-gradient(to left, #61CE70, #61CE70);                background-image: -moz-linear-gradient(to left, #61CE70, #61CE70);                background-image: -ms-linear-gradient(to left, #61CE70, #61CE70);                background-image: -o-linear-gradient(to left, #61CE70, #61CE70);                background-image: linear-gradient(to left, #61CE70, #61CE70);                filter: progid:DXImageTransform.Microsoft.gradient(startColorStr='#61CE70', endColorStr='#61CE70');            }                \">\r\n    <\/div>\r\n  \r\n\t    <h3 class=\"item--title st-line-gr\" data-wow-delay=\"ms\">\r\n        <span class=\"ct-text-inner\">IT support<\/span>    <\/h3>\r\n  <\/div>\r\n<\/div>\r\n\t\t<\/div>\n\t\t\t\t<\/div>\n\t\t\t\t<div class=\"elementor-element elementor-element-8ce9d1d elementor-widget elementor-widget-text-editor\" data-id=\"8ce9d1d\" data-element_type=\"widget\" data-widget_type=\"text-editor.default\">\n\t\t\t\t<div class=\"elementor-widget-container\">\n\t\t\t\t\t\t\t<p class=\" translation-block\">Leave all your ICT infrastructure worries to us! Through efficient solutions, we will enable you to have better and greater focus on performing the primary tasks of your business, using advanced modern technologies! If you want everything to function properly in the service of your activities, then you are in the right place, because the task of our IT team is to provide you with all of this in the best possible way!<\/p><p class=\" translation-block\">The service of maintaining IT infrastructure, IT support, and system support that we offer includes:<\/p><p><span style=\"color: var( --e-global-color-text ); font-family: var( --e-global-typography-text-font-family ), Sans-serif; font-weight: var( --e-global-typography-text-font-weight ); letter-spacing: 0px;\">\u00a0<\/span><\/p><p><span style=\"color: #8cc640; font-weight: bold; font-family: var( --e-global-typography-text-font-family ), Sans-serif; letter-spacing: 0px;\">Management and maintenance of the IT system,<\/span><\/p><p><span style=\"color: var( --e-global-color-text ); font-family: var( --e-global-typography-text-font-family ), Sans-serif; font-weight: var( --e-global-typography-text-font-weight ); letter-spacing: 0px;\" data-contrast=\"none\">\u2022 <\/span><span style=\"font-family: var( --e-global-typography-text-font-family ), Sans-serif; letter-spacing: 0px;\" data-contrast=\"none\"><span style=\"color: #8cc640;\"><b>Active monitoring of the IT system<\/b><\/span><span style=\"color: rgba(0, 0, 0, 0);\"><span style=\"font-weight: var( --e-global-typography-text-font-weight );\">,<\/span><\/span><\/span><span style=\"color: var( --e-global-color-text ); font-family: var( --e-global-typography-text-font-family ), Sans-serif; font-weight: var( --e-global-typography-text-font-weight ); letter-spacing: 0px;\">\u00a0<\/span><\/p><p><span style=\"color: var( --e-global-color-text ); font-family: var( --e-global-typography-text-font-family ), Sans-serif; font-weight: var( --e-global-typography-text-font-weight ); letter-spacing: 0px;\" data-contrast=\"none\">\u2022 <\/span><span style=\"font-family: var( --e-global-typography-text-font-family ), Sans-serif; letter-spacing: 0px;\" data-contrast=\"none\"><span style=\"color: #8cc640;\"><b>Data security<\/b><\/span><\/span><span style=\"color: var( --e-global-color-text ); font-family: var( --e-global-typography-text-font-family ), Sans-serif; font-weight: var( --e-global-typography-text-font-weight ); letter-spacing: 0px;\" data-contrast=\"none\">,<\/span><span style=\"color: var( --e-global-color-text ); font-family: var( --e-global-typography-text-font-family ), Sans-serif; font-weight: var( --e-global-typography-text-font-weight ); letter-spacing: 0px;\">\u00a0<\/span><\/p><p><span style=\"color: var( --e-global-color-text ); font-family: var( --e-global-typography-text-font-family ), Sans-serif; font-weight: var( --e-global-typography-text-font-weight ); letter-spacing: 0px;\" data-contrast=\"none\">\u2022 <\/span><span style=\"font-family: var( --e-global-typography-text-font-family ), Sans-serif; letter-spacing: 0px;\" data-contrast=\"none\"><span style=\"color: #8cc640;\"><b>IT inventory management system<\/b><\/span><\/span><span style=\"color: var( --e-global-color-text ); font-family: var( --e-global-typography-text-font-family ), Sans-serif; font-weight: var( --e-global-typography-text-font-weight ); letter-spacing: 0px;\" data-contrast=\"none\">,<\/span><span style=\"color: var( --e-global-color-text ); font-family: var( --e-global-typography-text-font-family ), Sans-serif; font-weight: var( --e-global-typography-text-font-weight ); letter-spacing: 0px;\">\u00a0<\/span><\/p><p><span style=\"color: var( --e-global-color-text ); font-family: var( --e-global-typography-text-font-family ), Sans-serif; font-weight: var( --e-global-typography-text-font-weight ); letter-spacing: 0px;\" data-contrast=\"none\">\u2022 <\/span><span style=\"font-family: var( --e-global-typography-text-font-family ), Sans-serif; letter-spacing: 0px;\" data-contrast=\"none\"><span style=\"color: #8cc640;\"><b>Cloud solutions<\/b><\/span><\/span><span style=\"color: var( --e-global-color-text ); font-family: var( --e-global-typography-text-font-family ), Sans-serif; font-weight: var( --e-global-typography-text-font-weight ); letter-spacing: 0px;\" data-contrast=\"none\">,<\/span><span style=\"color: var( --e-global-color-text ); font-family: var( --e-global-typography-text-font-family ), Sans-serif; font-weight: var( --e-global-typography-text-font-weight ); letter-spacing: 0px;\" data-ccp-props=\"{&quot;201341983&quot;:0,&quot;335559685&quot;:720,&quot;335559739&quot;:0,&quot;335559740&quot;:259}\">\u00a0<\/span><\/p><p><span style=\"color: var( --e-global-color-text ); font-family: var( --e-global-typography-text-font-family ), Sans-serif; font-weight: var( --e-global-typography-text-font-weight ); letter-spacing: 0px;\">\u00a0<\/span><span style=\"color: var( --e-global-color-text ); font-family: var( --e-global-typography-text-font-family ), Sans-serif; font-weight: var( --e-global-typography-text-font-weight ); letter-spacing: 0px;\">\u2022<\/span><span style=\"color: var( --e-global-color-text ); font-family: var( --e-global-typography-text-font-family ), Sans-serif; font-weight: var( --e-global-typography-text-font-weight ); letter-spacing: 0px;\">\u00a0<\/span><span style=\"font-family: var( --e-global-typography-text-font-family ), Sans-serif; letter-spacing: 0px;\"><span style=\"color: #8cc640;\"><b>Computer networks<\/b><\/span><\/span><span style=\"color: var( --e-global-color-text ); font-family: var( --e-global-typography-text-font-family ), Sans-serif; font-weight: var( --e-global-typography-text-font-weight ); letter-spacing: 0px;\">,<\/span><\/p><p><span style=\"color: var( --e-global-color-text ); font-family: var( --e-global-typography-text-font-family ), Sans-serif; font-weight: var( --e-global-typography-text-font-weight ); letter-spacing: 0px;\" data-contrast=\"none\">\u2022 <\/span><span style=\"font-family: var( --e-global-typography-text-font-family ), Sans-serif; letter-spacing: 0px;\" data-contrast=\"none\"><span style=\"color: #8cc640;\"><b>Maintenance of hardware equipment at the user's location or in our service center<\/b><\/span><\/span><span style=\"color: var( --e-global-color-text ); font-family: var( --e-global-typography-text-font-family ), Sans-serif; font-weight: var( --e-global-typography-text-font-weight ); letter-spacing: 0px;\">.<\/span><\/p><p><span data-ccp-props=\"{&quot;201341983&quot;:0,&quot;335559685&quot;:720,&quot;335559739&quot;:0,&quot;335559740&quot;:259}\">\u00a0<\/span><\/p><p class=\" translation-block\">This way, we enable you to keep the system up-to-date, taking care of user system requirements professionally and resolving issues in many cases before users even notice them. Our IT support will relieve you of additional concerns related to computers, including other services related to this business segment, which the BITS team will resolve very quickly and efficiently!<\/p><p>\u00a0<\/p>\t\t\t\t\t\t<\/div>\n\t\t\t\t<\/div>\n\t\t            <\/div>\n        <\/div>\n                            <\/div>\n        <\/section>\n        \t\t\t\t\t<\/div>","protected":false},"excerpt":{"rendered":"<p>IT Podr\u0161ka Prodaja ra\u010dunarske opreme Sigurnost podataka Cloud rje\u0161enja i Microsoft 365 Ra\u010dunarske mre\u017ee IT Konsalting IT Podr\u0161ka Svu brigu o Va\u0161oj ICT infrstrukturi ostavite nama! Putem efikasnih rje\u0161enja, omogu\u0107it\u0107emo vam bolju i ve\u0107u fokusiranost na obavljanje primarnih zadataka va\u0161eg poslovanja, koriste\u0107i napredne moderne tehnologije! \u017delite da u slu\u017ebi va\u0161e djelatnosti sve fukncionira kako treba, [&hellip;]<\/p>","protected":false},"author":1,"featured_media":0,"parent":0,"menu_order":0,"comment_status":"closed","ping_status":"closed","template":"","meta":{"footnotes":""},"_links":{"self":[{"href":"http:\/\/bits.ba\/en\/wp-json\/wp\/v2\/pages\/9884"}],"collection":[{"href":"http:\/\/bits.ba\/en\/wp-json\/wp\/v2\/pages"}],"about":[{"href":"http:\/\/bits.ba\/en\/wp-json\/wp\/v2\/types\/page"}],"author":[{"embeddable":true,"href":"http:\/\/bits.ba\/en\/wp-json\/wp\/v2\/users\/1"}],"replies":[{"embeddable":true,"href":"http:\/\/bits.ba\/en\/wp-json\/wp\/v2\/comments?post=9884"}],"version-history":[{"count":40,"href":"http:\/\/bits.ba\/en\/wp-json\/wp\/v2\/pages\/9884\/revisions"}],"predecessor-version":[{"id":10616,"href":"http:\/\/bits.ba\/en\/wp-json\/wp\/v2\/pages\/9884\/revisions\/10616"}],"wp:attachment":[{"href":"http:\/\/bits.ba\/en\/wp-json\/wp\/v2\/media?parent=9884"}],"curies":[{"name":"wp","href":"https:\/\/api.w.org\/{rel}","templated":true}]}}