{"id":10575,"date":"2024-03-22T10:17:52","date_gmt":"2024-03-22T09:17:52","guid":{"rendered":"https:\/\/bits.ba\/?page_id=10575"},"modified":"2024-03-22T10:24:21","modified_gmt":"2024-03-22T09:24:21","slug":"it-konsalting","status":"publish","type":"page","link":"https:\/\/bits.ba\/bs\/it-konsalting\/","title":{"rendered":"IT Konsalting"},"content":{"rendered":"\n<p>I<strong>T Konsalting:<\/strong> Na\u0161i konsultanti su tu da vam pru\u017ee strate\u0161ko vo\u0111enje i podr\u0161ku u planiranju va\u0161e IT strategije. IT konsalting je usluga koja pru\u017ea stru\u010dno savjetovanje i podr\u0161ku tvrtkama u vezi s informacijskom tehnologijom. Evo nekoliko klju\u010dnih aspekata IT konsaltinga:\u00a0<\/p>\n\n\n\n<p><strong>Strate\u0161ko planiranje<\/strong>: IT konsultanti poma\u017eu tvrtkama u razvoju dugoro\u010dnih strategija informacijske tehnologije koje su uskla\u0111ene s njihovim poslovnim ciljevima.&nbsp;<\/p>\n\n\n\n<p><strong>Analiza poslovnih procesa<\/strong>: Konsultanti provode analize postoje\u0107ih poslovnih procesa kako bi identificirali mogu\u0107nosti za pobolj\u0161anje kroz primjenu informacijske tehnologije.&nbsp;<\/p>\n\n\n\n<p><strong>Implementacija novih tehnologija<\/strong>: Konsultanti podr\u017eavaju tvrtke u implementaciji novih informacijskih tehnologija, poput softverskih rje\u0161enja ili infrastrukture u oblaku.&nbsp;<\/p>\n\n\n\n<p><strong>Cyber sigurnost<\/strong>: Konsultanti pru\u017eaju usluge ocjene sigurnosti, razvijaju politike sigurnosti podataka i implementiraju rje\u0161enja za\u0161tite od cyber prijetnji.&nbsp;<\/p>\n\n\n\n<p><strong>Cloud usluge<\/strong>: Konsultanti poma\u017eu tvrtkama u migraciji na cloud platforme, optimizaciji cloud infrastrukture i upravljanju cloud resursima.&nbsp;<\/p>\n\n\n\n<p><strong>Upravljanje projektima<\/strong>: Konsultanti pru\u017eaju stru\u010dnost u upravljanju IT projektima, osiguravaju\u0107i da projekti budu isporu\u010deni u skladu s vremenskim, tro\u0161kovnim i funkcionalnim zahtjevima.&nbsp;<\/p>\n\n\n\n<p><strong>Obuka i edukacija<\/strong>: Konsultanti pru\u017eaju obuku i edukaciju zaposlenicima o kori\u0161tenju novih tehnologija i alata kako bi maksimalno iskoristili njihovu vrijednost.&nbsp;<\/p>\n\n\n\n<p>IT konsalting poma\u017ee tvrtkama da iskoriste puni potencijal informacijske tehnologije kako bi pobolj\u0161ale svoje poslovanje, pove\u0107ale produktivnost i osigurale konkurentsku prednost na tr\u017ei\u0161tu.&nbsp;<\/p>\n","protected":false},"excerpt":{"rendered":"<p>IT Konsalting: Na\u0161i konsultanti su tu da vam pru\u017ee strate\u0161ko vo\u0111enje i podr\u0161ku u planiranju va\u0161e IT strategije. IT konsalting je usluga koja pru\u017ea stru\u010dno savjetovanje i podr\u0161ku tvrtkama u vezi s informacijskom tehnologijom. Evo nekoliko klju\u010dnih aspekata IT konsaltinga:\u00a0 Strate\u0161ko planiranje: IT konsultanti poma\u017eu tvrtkama u razvoju dugoro\u010dnih strategija informacijske tehnologije koje su uskla\u0111ene [&hellip;]<\/p>\n","protected":false},"author":1,"featured_media":10578,"parent":0,"menu_order":0,"comment_status":"closed","ping_status":"closed","template":"","meta":{"footnotes":""},"_links":{"self":[{"href":"https:\/\/bits.ba\/bs\/wp-json\/wp\/v2\/pages\/10575"}],"collection":[{"href":"https:\/\/bits.ba\/bs\/wp-json\/wp\/v2\/pages"}],"about":[{"href":"https:\/\/bits.ba\/bs\/wp-json\/wp\/v2\/types\/page"}],"author":[{"embeddable":true,"href":"https:\/\/bits.ba\/bs\/wp-json\/wp\/v2\/users\/1"}],"replies":[{"embeddable":true,"href":"https:\/\/bits.ba\/bs\/wp-json\/wp\/v2\/comments?post=10575"}],"version-history":[{"count":3,"href":"https:\/\/bits.ba\/bs\/wp-json\/wp\/v2\/pages\/10575\/revisions"}],"predecessor-version":[{"id":10580,"href":"https:\/\/bits.ba\/bs\/wp-json\/wp\/v2\/pages\/10575\/revisions\/10580"}],"wp:featuredmedia":[{"embeddable":true,"href":"https:\/\/bits.ba\/bs\/wp-json\/wp\/v2\/media\/10578"}],"wp:attachment":[{"href":"https:\/\/bits.ba\/bs\/wp-json\/wp\/v2\/media?parent=10575"}],"curies":[{"name":"wp","href":"https:\/\/api.w.org\/{rel}","templated":true}]}}