{"id":347,"date":"2021-09-25T06:53:36","date_gmt":"2021-09-25T04:53:36","guid":{"rendered":"https:\/\/demo.casethemes.net\/itfirm\/?page_id=347"},"modified":"2023-04-06T04:56:39","modified_gmt":"2023-04-06T02:56:39","slug":"drugi-o-nama","status":"publish","type":"page","link":"https:\/\/bits.ba\/de\/drugi-o-nama\/","title":{"rendered":"\u00dcber uns"},"content":{"rendered":"<div data-elementor-type=\"wp-page\" data-elementor-id=\"347\" class=\"elementor elementor-347\">\n\t\t\t\t\t\t\t        <section class=\"elementor-section elementor-top-section elementor-element elementor-element-082fd20 elementor-section-stretched elementor-section-boxed elementor-section-height-default elementor-section-height-default ct-header-fixed-none ct-column-none ct-row-scroll-none ct-row-gradient--none\" data-id=\"082fd20\" data-element_type=\"section\" data-settings=\"{&quot;stretch_section&quot;:&quot;section-stretched&quot;,&quot;background_background&quot;:&quot;classic&quot;}\">\n            \n                        <div class=\"elementor-container elementor-column-gap-extended\">\n                    <div class=\"elementor-column elementor-col-100 elementor-top-column elementor-element elementor-element-3a910b9 ct-column-none col-offset-none col-color-offset-none\" data-id=\"3a910b9\" data-element_type=\"column\">\n            <div class=\"elementor-widget-wrap elementor-element-populated\">\n                        \t\t<div class=\"elementor-element elementor-element-04d0200 elementor-widget elementor-widget-ct_testimonial_grid\" data-id=\"04d0200\" data-element_type=\"widget\" data-widget_type=\"ct_testimonial_grid.default\">\n\t\t\t\t<div class=\"elementor-widget-container\">\n\t\t\t    <div class=\"ct-grid ct-testimonial-grid1\">\r\n        <div class=\"ct-grid-inner ct-grid-masonry row animate-time\" data-gutter=\"7\">\r\n                            <div class=\"grid-item col-xl-6 col-lg-6 col-md-6 col-sm-6 col-12\">\r\n                    <div class=\"item--inner wow fadeInUp\" data-wow-duration=\"1.2s\">\r\n                                                <div class=\"item--holder\">\r\n                                                        <div class=\"item--meta\">\r\n                                <h4 class=\"item--title\">    \r\n                                    Emina Tahirovi\u0107                                <\/h4>\r\n                                <div class=\"item--position\">Markart d.o.o<\/div>\r\n                                                            <\/div>\r\n                        <\/div>\r\n                        <div class=\"item--description\">\"BITS k\u00fcmmert sich seit den letzten 3 Jahren um unsere IT-Bed\u00fcrfnisse. Sie bieten schnellen, effizienten und zuverl\u00e4ssigen Service und k\u00fcmmern sich um alles, von der Strategie bis zur Beschaffung von Ausr\u00fcstung. In einer Umgebung, die oft verwirrend sein kann und sich unaufhaltsam weiterentwickelt, haben sie uns geholfen, mit den Entwicklungen Schritt zu halten, indem sie mehrere bedeutende Systemupgrades implementiert haben. Es ist eine Freude, mit ihnen zusammenzuarbeiten. Wir betrachten sie einfach als 'Mitglieder unseres Teams'.\"<\/div>\r\n                   <\/div>\r\n                <\/div>\r\n                            <div class=\"grid-item col-xl-6 col-lg-6 col-md-6 col-sm-6 col-12\">\r\n                    <div class=\"item--inner wow fadeInUp\" data-wow-duration=\"1.2s\">\r\n                                                <div class=\"item--holder\">\r\n                                                        <div class=\"item--meta\">\r\n                                <h4 class=\"item--title\">    \r\n                                    D\u017eenita Mutap                                <\/h4>\r\n                                <div class=\"item--position\">Revicon d.o.o<\/div>\r\n                                                            <\/div>\r\n                        <\/div>\r\n                        <div class=\"item--description\">\"Das BITS-Team hat unserem Unternehmen bedeutende Unterst\u00fctzung geboten. Sie verf\u00fcgen \u00fcber starke Kommunikationsf\u00e4higkeiten, f\u00fchren Aufgaben einwandfrei aus und sind immer in der Lage, die schwierigsten Herausforderungen zu bew\u00e4ltigen.\"<\/div>\r\n                   <\/div>\r\n                <\/div>\r\n                            <div class=\"grid-item col-xl-6 col-lg-6 col-md-6 col-sm-6 col-12\">\r\n                    <div class=\"item--inner wow fadeInUp\" data-wow-duration=\"1.2s\">\r\n                                                <div class=\"item--holder\">\r\n                                                        <div class=\"item--meta\">\r\n                                <h4 class=\"item--title\">    \r\n                                    Alma Suki\u0107                                <\/h4>\r\n                                <div class=\"item--position\">HBSS d.o.o<\/div>\r\n                                                            <\/div>\r\n                        <\/div>\r\n                        <div class=\"item--description\">\"BITS hat ein \u00e4u\u00dferst professionelles Team, das alle Erwartungen im Zusammenhang mit dem IT-Projekt, das sie f\u00fcr uns \u00fcbernommen haben, erf\u00fcllt hat. Sie reagieren schnell und sind flexibel genug, um sich allen \u00c4nderungen anzupassen, die unsere IT erfordert, und das Niveau des von ihnen erbrachten Service ist au\u00dfergew\u00f6hnlich.\"<\/div>\r\n                   <\/div>\r\n                <\/div>\r\n                        <div class=\"grid-sizer col-xl-6 col-lg-6 col-md-6 col-sm-6 col-12\"><\/div>\r\n        <\/div>\r\n    <\/div>\r\n\t\t<\/div>\n\t\t\t\t<\/div>\n\t\t            <\/div>\n        <\/div>\n                            <\/div>\n        <\/section>\n        \t\t\t\t\t<\/div>","protected":false},"excerpt":{"rendered":"<p>Emina Tahirovi\u0107 Markart d.o.o \u201cBITS brine o na\u0161im IT potrebama u protekle 3 godine. Oni pru\u017eaju brzu, u\u010dinkovitu i pouzdanu uslugu i brinu za sve, od strategije do nabavke opreme. U okru\u017eenju koji \u010desto zna biti zbunuju\u0107i i koji se neminovno razvija, oni su nam pomogli da budemo u toku sa reazvojem, primjenjuju\u0107i nekoliko zna\u010dajnih [&hellip;]<\/p>","protected":false},"author":1,"featured_media":0,"parent":0,"menu_order":0,"comment_status":"closed","ping_status":"closed","template":"","meta":{"footnotes":""},"_links":{"self":[{"href":"https:\/\/bits.ba\/de\/wp-json\/wp\/v2\/pages\/347"}],"collection":[{"href":"https:\/\/bits.ba\/de\/wp-json\/wp\/v2\/pages"}],"about":[{"href":"https:\/\/bits.ba\/de\/wp-json\/wp\/v2\/types\/page"}],"author":[{"embeddable":true,"href":"https:\/\/bits.ba\/de\/wp-json\/wp\/v2\/users\/1"}],"replies":[{"embeddable":true,"href":"https:\/\/bits.ba\/de\/wp-json\/wp\/v2\/comments?post=347"}],"version-history":[{"count":8,"href":"https:\/\/bits.ba\/de\/wp-json\/wp\/v2\/pages\/347\/revisions"}],"predecessor-version":[{"id":10186,"href":"https:\/\/bits.ba\/de\/wp-json\/wp\/v2\/pages\/347\/revisions\/10186"}],"wp:attachment":[{"href":"https:\/\/bits.ba\/de\/wp-json\/wp\/v2\/media?parent=347"}],"curies":[{"name":"wp","href":"https:\/\/api.w.org\/{rel}","templated":true}]}}